{"id":63,"date":"2019-04-03T14:25:09","date_gmt":"2019-04-03T14:25:09","guid":{"rendered":"http:\/\/interdelcampo.mx\/?page_id=63"},"modified":"2019-04-17T00:37:07","modified_gmt":"2019-04-17T00:37:07","slug":"inter-del-campo","status":"publish","type":"page","link":"https:\/\/interdelcampo.mx\/","title":{"rendered":"Inter del Campo"},"content":{"rendered":"\n<p>Productos mexicanos de la m\u00e1s alta calidad, 100% de ma\u00edz.<\/p>\n\n\n\n<p>\u00a1No solo la mejor calidad y precio, sino adem\u00e1s las tostadas y totopos m\u00e1s ricos de M\u00e9xico!<\/p>\n\n\n\n<p>\u00a1Compru\u00e9belo!<\/p>\n","protected":false},"excerpt":{"rendered":"<p>Productos mexicanos de la m\u00e1s alta calidad, 100% de ma\u00edz. \u00a1No solo la mejor calidad y precio, sino adem\u00e1s las tostadas y totopos m\u00e1s ricos de M\u00e9xico! \u00a1Compru\u00e9belo!<\/p>\n","protected":false},"author":1,"featured_media":0,"parent":0,"menu_order":0,"comment_status":"closed","ping_status":"closed","template":"","meta":[],"_links":{"self":[{"href":"https:\/\/interdelcampo.mx\/index.php?rest_route=\/wp\/v2\/pages\/63"}],"collection":[{"href":"https:\/\/interdelcampo.mx\/index.php?rest_route=\/wp\/v2\/pages"}],"about":[{"href":"https:\/\/interdelcampo.mx\/index.php?rest_route=\/wp\/v2\/types\/page"}],"author":[{"embeddable":true,"href":"https:\/\/interdelcampo.mx\/index.php?rest_route=\/wp\/v2\/users\/1"}],"replies":[{"embeddable":true,"href":"https:\/\/interdelcampo.mx\/index.php?rest_route=%2Fwp%2Fv2%2Fcomments&post=63"}],"version-history":[{"count":2,"href":"https:\/\/interdelcampo.mx\/index.php?rest_route=\/wp\/v2\/pages\/63\/revisions"}],"predecessor-version":[{"id":77,"href":"https:\/\/interdelcampo.mx\/index.php?rest_route=\/wp\/v2\/pages\/63\/revisions\/77"}],"wp:attachment":[{"href":"https:\/\/interdelcampo.mx\/index.php?rest_route=%2Fwp%2Fv2%2Fmedia&parent=63"}],"curies":[{"name":"wp","href":"https:\/\/api.w.org\/{rel}","templated":true}]}}